{"id":203,"date":"2015-03-20T12:19:01","date_gmt":"2015-03-20T12:19:01","guid":{"rendered":"http:\/\/www.heinaseemned.ee\/kontakt-2\/"},"modified":"2015-11-19T12:05:33","modified_gmt":"2015-11-19T12:05:33","slug":"yhteystiedot","status":"publish","type":"page","link":"https:\/\/heinaseemned.ee\/fi\/yhteystiedot\/","title":{"rendered":"Yhteystiedot"},"content":{"rendered":"<div class='content-column one_half'><h3>V\u00f5ta meiega \u00fchendust, \u00a0konsultatioon on tasuta!<\/h3>\n<p>Huom.! SESONKIAIKAAN MAALISKUUSTA TOUKOKUUN LOPPUUN OLEMME AVOINNA 7 P\u00c4IV\u00c4\u00c4 VIIKOSSA.<\/p>\n<p>&nbsp;<\/p>\n<h3>Farmipartner\u00a0O\u00dc<\/h3>\n<p>farmipartner@gmail.com<br \/>\nY-tunnus: 12380781<br \/>\nArvonlis\u00e4verovelvollisen rekister\u00f6intitunnus: EE101591337<br \/>\nOsoite: K\u00e4o p\u00f5ik 6, Tartu, 50404<br \/>\nVaraston osoite: Tartumaa, Puhja v, M\u00f5isanurme.<\/p>\n<p>www.heinaseemned.ee<\/p><\/div>\n<div class='content-column one_half last_column'><p class=\"wpcf7-contact-form-not-found\"><strong>Virhe:<\/strong> Yhteydenottolomaketta ei l\u00f6ytynyt.<\/p><\/div><div class='clear_column'><\/div>\n","protected":false},"excerpt":{"rendered":"","protected":false},"author":2,"featured_media":0,"parent":0,"menu_order":0,"comment_status":"open","ping_status":"open","template":"page3.php","meta":{"_acf_changed":false,"_monsterinsights_skip_tracking":false,"_monsterinsights_sitenote_active":false,"_monsterinsights_sitenote_note":"","_monsterinsights_sitenote_category":0,"footnotes":""},"class_list":["post-203","page","type-page","status-publish","hentry"],"acf":[],"_links":{"self":[{"href":"https:\/\/heinaseemned.ee\/fi\/wp-json\/wp\/v2\/pages\/203","targetHints":{"allow":["GET"]}}],"collection":[{"href":"https:\/\/heinaseemned.ee\/fi\/wp-json\/wp\/v2\/pages"}],"about":[{"href":"https:\/\/heinaseemned.ee\/fi\/wp-json\/wp\/v2\/types\/page"}],"author":[{"embeddable":true,"href":"https:\/\/heinaseemned.ee\/fi\/wp-json\/wp\/v2\/users\/2"}],"replies":[{"embeddable":true,"href":"https:\/\/heinaseemned.ee\/fi\/wp-json\/wp\/v2\/comments?post=203"}],"version-history":[{"count":2,"href":"https:\/\/heinaseemned.ee\/fi\/wp-json\/wp\/v2\/pages\/203\/revisions"}],"predecessor-version":[{"id":224,"href":"https:\/\/heinaseemned.ee\/fi\/wp-json\/wp\/v2\/pages\/203\/revisions\/224"}],"wp:attachment":[{"href":"https:\/\/heinaseemned.ee\/fi\/wp-json\/wp\/v2\/media?parent=203"}],"curies":[{"name":"wp","href":"https:\/\/api.w.org\/{rel}","templated":true}]}}