{"id":182,"date":"2015-03-20T12:18:35","date_gmt":"2015-03-20T12:18:35","guid":{"rendered":"http:\/\/www.heinaseemned.ee\/hinnakiri-2\/"},"modified":"2026-03-12T21:54:19","modified_gmt":"2026-03-12T21:54:19","slug":"siemenet","status":"publish","type":"page","link":"https:\/\/heinaseemned.ee\/fi\/siemenet\/","title":{"rendered":"Hinnasto"},"content":{"rendered":"<div class='content-column one_half'><\/div>\n<h4>VUODEN 2026 HEIN\u00c4SEOKSIA<\/h4>\n<h4 align=\"left\">MAHDOLLISUUS TILATA SEURAAVIA HEIN\u00c4SEOKSIA JA PUHDASVILJELMI\u00c4<\/h4>\n<p><strong>NIITTYSEOS \/ HEIN\u00c4SEOS<\/strong><\/p>\n<table style=\"height: 91px;\" width=\"546\">\n<tbody>\n<tr>\n<td>Puna-apila <em>trifolium pratense<\/em><\/td>\n<td>Tenia,\u00a0 2n,<\/td>\n<td>5,5 kg<\/td>\n<td>\u00a031%<\/td>\n<\/tr>\n<tr>\n<td>Timotei <em>phelum pratense<\/em><\/td>\n<td>\u00a0Grinstad<\/td>\n<td>6 kg<\/td>\n<td>\u00a033%<\/td>\n<\/tr>\n<tr>\n<td>Englannin raihein\u00e4 <em>lolium perenne<\/em><\/td>\n<td>Raidi<\/td>\n<td>6,5 kg<\/td>\n<td>\u00a036%<\/td>\n<\/tr>\n<\/tbody>\n<\/table>\n<p><strong>Kylv\u00f6m\u00e4\u00e4r\u00e4: 1ha\/18kg. Hinta:<\/strong><\/p>\n<p><strong>NIITTYSEOS<\/strong><\/p>\n<table style=\"height: 138px;\" width=\"512\">\n<tbody>\n<tr>\n<td>Puna-apila\u00a0\u00a0<em>trifolium pratense<\/em><\/td>\n<td>Tenia, 2n<\/td>\n<td>5 kg<\/td>\n<td>\u00a021%<\/td>\n<\/tr>\n<tr>\n<td>Timotei <em>phelum pratense<\/em><\/td>\n<td>Grinstad<\/td>\n<td>7 kg<\/td>\n<td>\u00a029%<\/td>\n<\/tr>\n<tr>\n<td>Englannin raihein\u00e4 <em>lolium perenne<\/em><\/td>\n<td>Raidi<\/td>\n<td>7 kg<\/td>\n<td>\u00a029%<\/td>\n<\/tr>\n<tr>\n<td>Nurminata <em>festuca pratensis<\/em><\/td>\n<td>Arni<\/td>\n<td>5 kg<\/td>\n<td>\u00a021%<\/td>\n<\/tr>\n<\/tbody>\n<\/table>\n<p><strong>Kylv\u00f6m\u00e4\u00e4r\u00e4: 1ha\/24kg.\u00a0 Hinta:\u00a0<\/strong><\/p>\n<p><b>LAIDUNSEOS \u2013 valkoapilalla<\/b><\/p>\n<table style=\"height: 141px;\" width=\"518\">\n<tbody>\n<tr>\n<td>Timotei\u00a0\u00a0<em>phelum pratense<\/em><\/td>\n<td>Grinstad<\/td>\n<td>7 kg<\/td>\n<td>35%<\/td>\n<\/tr>\n<tr>\n<td>Englannin raihein\u00e4\u00a0<em>lolium perenne<\/em><\/td>\n<td>Raidi<\/td>\n<td>8 kg<\/td>\n<td>40%<\/td>\n<\/tr>\n<tr>\n<td>Valkoapila\u00a0<em>trifolium repens<\/em><\/td>\n<td>Apolo<\/td>\n<td>4 kg<\/td>\n<td>20%<\/td>\n<\/tr>\n<tr>\n<td>Niittynurmikka\u00a0<em>poa pratensis<\/em><\/td>\n<td>Balin<\/td>\n<td>1 kg<\/td>\n<td>5%<\/td>\n<\/tr>\n<\/tbody>\n<\/table>\n<p><strong>Kylv\u00f6m\u00e4\u00e4r\u00e4: 1ha \/ 20kg.\u00a0 \u00a0Hinta:\u00a0<\/strong><\/p>\n<p><strong>SINIMAILANEN<\/strong><\/p>\n<table>\n<tbody>\n<tr>\n<td>Sinimailanen \u201cGEA\u201d\u00a0\u00a0\u00a0<em>medicago sativa<\/em><\/td>\n<td>15 kg<\/td>\n<td>83%<\/td>\n<\/tr>\n<tr>\n<td>Timotei Grinstad\u00a0 <em>phelum pratense<\/em><\/td>\n<td>3 kg<\/td>\n<td>17%<\/td>\n<\/tr>\n<\/tbody>\n<\/table>\n<p><strong>sinimailanen sis\u00e4lt\u00e4\u00e4 bakteria.<br \/>\nKylv\u00f6m\u00e4\u00e4r\u00e4: 1ha \/ 18kg. <b> Hinta:\u00a0<\/b><\/strong><\/p>\n<p><b>PUHDASVILJELM\u00c4T<\/b><\/p>\n<p><strong>Valko-apila<\/strong> <em>trifolium repens<\/em> APOLO, <strong>\u00a0Hinta: 7,90<\/strong><\/p>\n<p><strong>Puna-apila<\/strong> <em>trifolium pratense<\/em> TENIA,\u00a0 2n. <strong>Hinta: 6,80<\/strong><\/p>\n<p><b>Sinimailanen<\/b> <em>medicago sativa, <\/em><strong>GEA<\/strong> + bakteri<\/p>\n<p><strong>Timotei<\/strong> <em>phelum pratense <\/em>GRINSTAD<strong>\u00a0Hinta: 3,60<\/strong><\/p>\n<h5 align=\"left\">+ Rahti<\/h5>\n<h5 align=\"left\">KYSY HINTAA<\/h5>\n<h5 align=\"left\">Hinnat eiv\u00e4t sis\u00e4ll\u00e4 ALV a.<\/h5>\n<h4 align=\"left\">LIS\u00c4TIEDOT ja TILAUS<\/h4>\n<h4 align=\"left\">Priit Rumvolt<\/h4>\n<h4 align=\"left\">Puh. : +372 55 92 80 52<\/h4>\n<h5><b>s\u00e4hk\u00f6posti: farmipartner@gmail.com<\/b><\/h5>\n<h1><\/h1>\n","protected":false},"excerpt":{"rendered":"<p>VUODEN 2026 HEIN\u00c4SEOKSIA MAHDOLLISUUS TILATA SEURAAVIA HEIN\u00c4SEOKSIA JA PUHDASVILJELMI\u00c4 NIITTYSEOS \/ HEIN\u00c4SEOS Puna-apila trifolium pratense Tenia,\u00a0 2n, 5,5 kg \u00a031% Timotei phelum pratense \u00a0Grinstad 6 kg \u00a033% Englannin raihein\u00e4 lolium perenne Raidi 6,5 kg \u00a036% Kylv\u00f6m\u00e4\u00e4r\u00e4: 1ha\/18kg. Hinta: NIITTYSEOS Puna-apila\u00a0\u00a0trifolium pratense Tenia, 2n 5 kg \u00a021% Timotei phelum pratense Grinstad 7 kg \u00a029% Englannin raihein\u00e4 [&hellip;]<\/p>\n","protected":false},"author":2,"featured_media":0,"parent":0,"menu_order":0,"comment_status":"open","ping_status":"open","template":"page3.php","meta":{"_acf_changed":false,"_monsterinsights_skip_tracking":false,"_monsterinsights_sitenote_active":false,"_monsterinsights_sitenote_note":"","_monsterinsights_sitenote_category":0,"footnotes":""},"class_list":["post-182","page","type-page","status-publish","hentry"],"acf":[],"_links":{"self":[{"href":"https:\/\/heinaseemned.ee\/fi\/wp-json\/wp\/v2\/pages\/182","targetHints":{"allow":["GET"]}}],"collection":[{"href":"https:\/\/heinaseemned.ee\/fi\/wp-json\/wp\/v2\/pages"}],"about":[{"href":"https:\/\/heinaseemned.ee\/fi\/wp-json\/wp\/v2\/types\/page"}],"author":[{"embeddable":true,"href":"https:\/\/heinaseemned.ee\/fi\/wp-json\/wp\/v2\/users\/2"}],"replies":[{"embeddable":true,"href":"https:\/\/heinaseemned.ee\/fi\/wp-json\/wp\/v2\/comments?post=182"}],"version-history":[{"count":5,"href":"https:\/\/heinaseemned.ee\/fi\/wp-json\/wp\/v2\/pages\/182\/revisions"}],"predecessor-version":[{"id":879,"href":"https:\/\/heinaseemned.ee\/fi\/wp-json\/wp\/v2\/pages\/182\/revisions\/879"}],"wp:attachment":[{"href":"https:\/\/heinaseemned.ee\/fi\/wp-json\/wp\/v2\/media?parent=182"}],"curies":[{"name":"wp","href":"https:\/\/api.w.org\/{rel}","templated":true}]}}