{"id":172,"date":"2015-03-23T18:26:43","date_gmt":"2015-03-23T18:26:43","guid":{"rendered":"http:\/\/www.heinaseemned.ee\/ettevottest-2\/"},"modified":"2015-11-19T11:30:32","modified_gmt":"2015-11-19T11:30:32","slug":"yrityksesta","status":"publish","type":"page","link":"https:\/\/heinaseemned.ee\/fi\/yrityksesta\/","title":{"rendered":"Yrityksest\u00e4"},"content":{"rendered":"<p dir=\"ltr\">Farmipartner O\u00dc toimii hein\u00e4siementen ja hein\u00e4siemenseosten parissa. Kokemusta yrityksell\u00e4 on vuodesta 1999, mink\u00e4 tuloksena ovat hyvin suunnitellut hein\u00e4siemenseokset, jotka sopivat hyvin meid\u00e4n ilmastoomme.<\/p>\n<p dir=\"ltr\">K\u00e4yt\u00e4mme parhaita virolais- ja eurooppalaislajeja tunnetuilta yrityksilt\u00e4 kuten Eurograss, DLF- Trifolium ja monilta Viron tunnetuimmilta siemenkasvattajilta.\u00a0 Teemme yhteisty\u00f6t\u00e4 alan ammattilaisten kanssa, jotta kehittyisimme jatkuvasti ja voisimme tarjota maanviljelij\u00f6ille parhaita ratkaisuja.<\/p>\n<p dir=\"ltr\">Erilainen maaper\u00e4 ja erilaiset kasvuolosuhteet vaativat henkil\u00f6kohtaista l\u00e4henemist\u00e4, mink\u00e4 vuoksi otammekin siemenseosten valmistuksessa huomioon jokaisen maanviljelij\u00e4n erikoistoiveet, jotta saataisiin haluttu tulos.<\/p>\n<p dir=\"ltr\">Siemen ruokkii,<\/p>\n<p dir=\"ltr\">Teid\u00e4n Farmipartner<\/p>\n","protected":false},"excerpt":{"rendered":"<p>Farmipartner O\u00dc toimii hein\u00e4siementen ja hein\u00e4siemenseosten parissa. Kokemusta yrityksell\u00e4 on vuodesta 1999, mink\u00e4 tuloksena ovat hyvin suunnitellut hein\u00e4siemenseokset, jotka sopivat hyvin meid\u00e4n ilmastoomme. K\u00e4yt\u00e4mme parhaita virolais- ja eurooppalaislajeja tunnetuilta yrityksilt\u00e4 kuten Eurograss, DLF- Trifolium ja monilta Viron tunnetuimmilta siemenkasvattajilta.\u00a0 Teemme yhteisty\u00f6t\u00e4 alan ammattilaisten kanssa, jotta kehittyisimme jatkuvasti ja voisimme tarjota maanviljelij\u00f6ille parhaita ratkaisuja. Erilainen maaper\u00e4 [&hellip;]<\/p>\n","protected":false},"author":2,"featured_media":0,"parent":0,"menu_order":0,"comment_status":"open","ping_status":"open","template":"page3.php","meta":{"_acf_changed":false,"_monsterinsights_skip_tracking":false,"_monsterinsights_sitenote_active":false,"_monsterinsights_sitenote_note":"","_monsterinsights_sitenote_category":0,"footnotes":""},"class_list":["post-172","page","type-page","status-publish","hentry"],"acf":[],"_links":{"self":[{"href":"https:\/\/heinaseemned.ee\/fi\/wp-json\/wp\/v2\/pages\/172","targetHints":{"allow":["GET"]}}],"collection":[{"href":"https:\/\/heinaseemned.ee\/fi\/wp-json\/wp\/v2\/pages"}],"about":[{"href":"https:\/\/heinaseemned.ee\/fi\/wp-json\/wp\/v2\/types\/page"}],"author":[{"embeddable":true,"href":"https:\/\/heinaseemned.ee\/fi\/wp-json\/wp\/v2\/users\/2"}],"replies":[{"embeddable":true,"href":"https:\/\/heinaseemned.ee\/fi\/wp-json\/wp\/v2\/comments?post=172"}],"version-history":[{"count":1,"href":"https:\/\/heinaseemned.ee\/fi\/wp-json\/wp\/v2\/pages\/172\/revisions"}],"predecessor-version":[{"id":173,"href":"https:\/\/heinaseemned.ee\/fi\/wp-json\/wp\/v2\/pages\/172\/revisions\/173"}],"wp:attachment":[{"href":"https:\/\/heinaseemned.ee\/fi\/wp-json\/wp\/v2\/media?parent=172"}],"curies":[{"name":"wp","href":"https:\/\/api.w.org\/{rel}","templated":true}]}}